{"id":7,"date":"2020-12-01T21:05:19","date_gmt":"2020-12-01T21:05:19","guid":{"rendered":"http:\/\/kunstamoiherschaun.at\/?page_id=7"},"modified":"2022-07-02T05:29:05","modified_gmt":"2022-07-02T03:29:05","slug":"ueber-uns","status":"publish","type":"page","link":"https:\/\/kunstamoiherschaun.at\/?page_id=7","title":{"rendered":"\u00dcber uns"},"content":{"rendered":"<style>#kt-layout-id_71fdaa-3a > .kt-row-column-wrap{align-content:start;}:where(#kt-layout-id_71fdaa-3a > .kt-row-column-wrap) > .wp-block-kadence-column{justify-content:start;}#kt-layout-id_71fdaa-3a > .kt-row-column-wrap{column-gap:var(--global-kb-gap-md, 2rem);row-gap:var(--global-kb-gap-md, 2rem);max-width:var( --global-content-width, 1290px );padding-left:var(--global-content-edge-padding);padding-right:var(--global-content-edge-padding);padding-top:var( --global-kb-row-default-top, 25px );padding-bottom:var( --global-kb-row-default-bottom, 25px );padding-top:60px;padding-bottom:60px;grid-template-columns:minmax(0, 1fr);}#kt-layout-id_71fdaa-3a > .kt-row-layout-overlay{opacity:0.30;}@media all and (max-width: 1024px){#kt-layout-id_71fdaa-3a > .kt-row-column-wrap{grid-template-columns:minmax(0, 1fr);}}@media all and (max-width: 767px){#kt-layout-id_71fdaa-3a > .kt-row-column-wrap{grid-template-columns:minmax(0, 1fr);}}<\/style>\n<div class=\"wp-block-kadence-rowlayout alignnone\"><div id=\"kt-layout-id_71fdaa-3a\" class=\"kt-row-layout-inner kt-layout-id_71fdaa-3a\"><div class=\"kt-row-column-wrap kt-has-1-columns kt-gutter-default kt-v-gutter-default kt-row-valign-top kt-row-layout-equal kt-tab-layout-inherit kt-m-colapse-left-to-right kt-mobile-layout-row kb-theme-content-width\"><style>.kadence-column_ef6aa5-f4 > .kt-inside-inner-col{border-top-width:0px;border-right-width:0px;border-bottom-width:0px;border-left-width:0px;}.kadence-column_ef6aa5-f4 > .kt-inside-inner-col,.kadence-column_ef6aa5-f4 > .kt-inside-inner-col:before{border-top-left-radius:0px;border-top-right-radius:0px;border-bottom-right-radius:0px;border-bottom-left-radius:0px;}.kadence-column_ef6aa5-f4 > .kt-inside-inner-col{column-gap:var(--global-kb-gap-sm, 1rem);}.kadence-column_ef6aa5-f4 > .kt-inside-inner-col{flex-direction:column;}.kadence-column_ef6aa5-f4 > .kt-inside-inner-col > .aligncenter{width:100%;}.kadence-column_ef6aa5-f4 > .kt-inside-inner-col:before{opacity:0.3;}.kadence-column_ef6aa5-f4{position:relative;}@media all and (max-width: 1024px){.kadence-column_ef6aa5-f4 > .kt-inside-inner-col{flex-direction:column;justify-content:center;}}@media all and (max-width: 767px){.kadence-column_ef6aa5-f4 > .kt-inside-inner-col{flex-direction:column;justify-content:center;}}<\/style>\n<div class=\"wp-block-kadence-column inner-column-1 kadence-column_ef6aa5-f4\"><div class=\"kt-inside-inner-col\">\n<h2 class=\"wp-block-heading\">KUNST amoi herschaun &#8230; <\/h2>\n\n\n\n<p>ist eine Initiative der Marktgemeinde Hof und seinen Kulturtr\u00e4gern, K\u00fcnstlern, Vereinen und kreativen K\u00f6pfen zur F\u00f6rderung von Kunst, Kultur und Freizeitaktivit\u00e4ten in unserer Region. Wenn du mitwirken willst melde dich bitte mittels Kontaktformular.<\/p>\n\n\n\n<p>KUNST amoi herschaun &#8211; ein Leitspruch von Werner Wukoschitz. <\/p>\n\n\n\n<p>Koordinator und Ansprechpartner der Marktgemeinde Hof: Stefan Germershausen.<\/p>\n\n\n\n<p><\/p>\n\n\n\n<p>Vielen Dank an alle Unterst\u00fctzer und Mitwirkenden:<\/p>\n<\/div><\/div>\n<\/div><\/div><\/div>\n\n\n<style>#kt-layout-id_acd653-91 > .kt-row-column-wrap{align-content:start;}:where(#kt-layout-id_acd653-91 > .kt-row-column-wrap) > .wp-block-kadence-column{justify-content:start;}#kt-layout-id_acd653-91 > .kt-row-column-wrap{column-gap:var(--global-kb-gap-md, 2rem);row-gap:var(--global-kb-gap-md, 2rem);max-width:var( --global-content-width, 1290px );padding-left:var(--global-content-edge-padding);padding-right:var(--global-content-edge-padding);padding-top:var( --global-kb-row-default-top, 25px );padding-bottom:var( --global-kb-row-default-bottom, 25px );padding-top:60px;padding-bottom:60px;}#kt-layout-id_acd653-91 > .kt-row-column-wrap > div:not(.added-for-specificity){grid-column:initial;}#kt-layout-id_acd653-91 > .kt-row-column-wrap{grid-template-columns:repeat(3, minmax(0, 1fr));}#kt-layout-id_acd653-91 > .kt-row-layout-overlay{opacity:0.30;}@media all and (max-width: 1024px){#kt-layout-id_acd653-91 > .kt-row-column-wrap > div:not(.added-for-specificity){grid-column:initial;}}@media all and (max-width: 1024px){#kt-layout-id_acd653-91 > .kt-row-column-wrap{grid-template-columns:repeat(3, minmax(0, 1fr));}}@media all and (max-width: 767px){#kt-layout-id_acd653-91 > .kt-row-column-wrap > div:not(.added-for-specificity){grid-column:initial;}#kt-layout-id_acd653-91 > .kt-row-column-wrap{grid-template-columns:minmax(0, 1fr);}}<\/style>\n<div class=\"wp-block-kadence-rowlayout alignnone\"><div id=\"kt-layout-id_acd653-91\" class=\"kt-row-layout-inner kt-layout-id_acd653-91\"><div class=\"kt-row-column-wrap kt-has-3-columns kt-gutter-default kt-v-gutter-default kt-row-valign-top kt-row-layout-equal kt-tab-layout-inherit kt-m-colapse-left-to-right kt-mobile-layout-row kb-theme-content-width\"><style>.kadence-column_c4823a-be > .kt-inside-inner-col{border-top-width:0px;border-right-width:0px;border-bottom-width:0px;border-left-width:0px;}.kadence-column_c4823a-be > .kt-inside-inner-col,.kadence-column_c4823a-be > .kt-inside-inner-col:before{border-top-left-radius:0px;border-top-right-radius:0px;border-bottom-right-radius:0px;border-bottom-left-radius:0px;}.kadence-column_c4823a-be > .kt-inside-inner-col{column-gap:var(--global-kb-gap-sm, 1rem);}.kadence-column_c4823a-be > .kt-inside-inner-col{flex-direction:column;}.kadence-column_c4823a-be > .kt-inside-inner-col > .aligncenter{width:100%;}.kadence-column_c4823a-be > .kt-inside-inner-col:before{opacity:0.3;}.kadence-column_c4823a-be{position:relative;}@media all and (max-width: 1024px){.kadence-column_c4823a-be > .kt-inside-inner-col{flex-direction:column;justify-content:center;}}@media all and (max-width: 767px){.kadence-column_c4823a-be > .kt-inside-inner-col{flex-direction:column;justify-content:center;}}<\/style>\n<div class=\"wp-block-kadence-column inner-column-1 kadence-column_c4823a-be\"><div class=\"kt-inside-inner-col\">\n<p>Marktgemeinde Hof<\/p>\n\n\n\n<p>Musikverein Hof<\/p>\n\n\n\n<p>K\u00fcnstler und Bands<\/p>\n\n\n\n<p>Unternehmen<\/p>\n<\/div><\/div>\n\n\n<style>.kadence-column_af09f2-7e > .kt-inside-inner-col{border-top-width:0px;border-right-width:0px;border-bottom-width:0px;border-left-width:0px;}.kadence-column_af09f2-7e > .kt-inside-inner-col,.kadence-column_af09f2-7e > .kt-inside-inner-col:before{border-top-left-radius:0px;border-top-right-radius:0px;border-bottom-right-radius:0px;border-bottom-left-radius:0px;}.kadence-column_af09f2-7e > .kt-inside-inner-col{column-gap:var(--global-kb-gap-sm, 1rem);}.kadence-column_af09f2-7e > .kt-inside-inner-col{flex-direction:column;}.kadence-column_af09f2-7e > .kt-inside-inner-col > .aligncenter{width:100%;}.kadence-column_af09f2-7e > .kt-inside-inner-col:before{opacity:0.3;}.kadence-column_af09f2-7e{position:relative;}@media all and (max-width: 1024px){.kadence-column_af09f2-7e > .kt-inside-inner-col{flex-direction:column;justify-content:center;}}@media all and (max-width: 767px){.kadence-column_af09f2-7e > .kt-inside-inner-col{flex-direction:column;justify-content:center;}}<\/style>\n<div class=\"wp-block-kadence-column inner-column-2 kadence-column_af09f2-7e\"><div class=\"kt-inside-inner-col\">\n<p>Theaterforum Hof<\/p>\n\n\n\n<p>Volksschule, Musikschule und Kindergarten<\/p>\n\n\n\n<p>Hoferinnen und Hofer<\/p>\n\n\n\n<p>Kinder, Eltern, Gro\u00dfeltern<\/p>\n<\/div><\/div>\n\n\n<style>.kadence-column_a60bc3-01 > .kt-inside-inner-col{border-top-width:0px;border-right-width:0px;border-bottom-width:0px;border-left-width:0px;}.kadence-column_a60bc3-01 > .kt-inside-inner-col,.kadence-column_a60bc3-01 > .kt-inside-inner-col:before{border-top-left-radius:0px;border-top-right-radius:0px;border-bottom-right-radius:0px;border-bottom-left-radius:0px;}.kadence-column_a60bc3-01 > .kt-inside-inner-col{column-gap:var(--global-kb-gap-sm, 1rem);}.kadence-column_a60bc3-01 > .kt-inside-inner-col{flex-direction:column;}.kadence-column_a60bc3-01 > .kt-inside-inner-col > .aligncenter{width:100%;}.kadence-column_a60bc3-01 > .kt-inside-inner-col:before{opacity:0.3;}.kadence-column_a60bc3-01{position:relative;}@media all and (max-width: 1024px){.kadence-column_a60bc3-01 > .kt-inside-inner-col{flex-direction:column;justify-content:center;}}@media all and (max-width: 767px){.kadence-column_a60bc3-01 > .kt-inside-inner-col{flex-direction:column;justify-content:center;}}<\/style>\n<div class=\"wp-block-kadence-column inner-column-3 kadence-column_a60bc3-01\"><div class=\"kt-inside-inner-col\">\n<p>Freiwillige Feuerwehr<\/p>\n\n\n\n<p>Jugend Hof<\/p>\n\n\n\n<p>Musiker und S\u00e4nger<\/p>\n\n\n\n<p>Sportverein Hof<\/p>\n<\/div><\/div>\n<\/div><\/div><\/div>\n\n\n\n<p><\/p>\n","protected":false},"excerpt":{"rendered":"<p>KUNST amoi herschaun &#8230; ist eine Initiative der Marktgemeinde Hof und seinen Kulturtr\u00e4gern, K\u00fcnstlern, Vereinen und kreativen K\u00f6pfen zur F\u00f6rderung von Kunst, Kultur und Freizeitaktivit\u00e4ten in unserer Region. Wenn du mitwirken willst melde dich bitte mittels Kontaktformular. KUNST amoi herschaun &#8211; ein Leitspruch von Werner Wukoschitz. Koordinator und Ansprechpartner der Marktgemeinde Hof: Stefan Germershausen. Vielen&#8230;<\/p>\n","protected":false},"author":1,"featured_media":0,"parent":0,"menu_order":0,"comment_status":"closed","ping_status":"closed","template":"","meta":{"_kadence_starter_templates_imported_post":false,"_kad_post_transparent":"disable","_kad_post_title":"hide","_kad_post_layout":"fullwidth","_kad_post_sidebar_id":"","_kad_post_content_style":"unboxed","_kad_post_vertical_padding":"hide","_kad_post_feature":"hide","_kad_post_feature_position":"","_kad_post_header":false,"_kad_post_footer":false,"footnotes":""},"class_list":["post-7","page","type-page","status-publish","hentry"],"yoast_head":"<!-- This site is optimized with the Yoast SEO plugin v25.4 - https:\/\/yoast.com\/wordpress\/plugins\/seo\/ -->\n<title>\u00dcber uns - KUNST amoi herschaun<\/title>\n<meta name=\"robots\" content=\"index, follow, max-snippet:-1, max-image-preview:large, max-video-preview:-1\" \/>\n<link rel=\"canonical\" href=\"https:\/\/kunstamoiherschaun.at\/?page_id=7\" \/>\n<meta property=\"og:locale\" content=\"de_DE\" \/>\n<meta property=\"og:type\" content=\"article\" \/>\n<meta property=\"og:title\" content=\"\u00dcber uns - KUNST amoi herschaun\" \/>\n<meta property=\"og:description\" content=\"KUNST amoi herschaun &#8230; ist eine Initiative der Marktgemeinde Hof und seinen Kulturtr\u00e4gern, K\u00fcnstlern, Vereinen und kreativen K\u00f6pfen zur F\u00f6rderung von Kunst, Kultur und Freizeitaktivit\u00e4ten in unserer Region. Wenn du mitwirken willst melde dich bitte mittels Kontaktformular. KUNST amoi herschaun &#8211; ein Leitspruch von Werner Wukoschitz. Koordinator und Ansprechpartner der Marktgemeinde Hof: Stefan Germershausen. Vielen...\" \/>\n<meta property=\"og:url\" content=\"https:\/\/kunstamoiherschaun.at\/?page_id=7\" \/>\n<meta property=\"og:site_name\" content=\"KUNST amoi herschaun\" \/>\n<meta property=\"article:modified_time\" content=\"2022-07-02T03:29:05+00:00\" \/>\n<meta name=\"twitter:card\" content=\"summary_large_image\" \/>\n<meta name=\"twitter:label1\" content=\"Gesch\u00e4tzte Lesezeit\" \/>\n\t<meta name=\"twitter:data1\" content=\"1\u00a0Minute\" \/>\n<script type=\"application\/ld+json\" class=\"yoast-schema-graph\">{\"@context\":\"https:\/\/schema.org\",\"@graph\":[{\"@type\":\"WebPage\",\"@id\":\"https:\/\/kunstamoiherschaun.at\/?page_id=7\",\"url\":\"https:\/\/kunstamoiherschaun.at\/?page_id=7\",\"name\":\"\u00dcber uns - KUNST amoi herschaun\",\"isPartOf\":{\"@id\":\"https:\/\/kunstamoiherschaun.at\/#website\"},\"datePublished\":\"2020-12-01T21:05:19+00:00\",\"dateModified\":\"2022-07-02T03:29:05+00:00\",\"breadcrumb\":{\"@id\":\"https:\/\/kunstamoiherschaun.at\/?page_id=7#breadcrumb\"},\"inLanguage\":\"de\",\"potentialAction\":[{\"@type\":\"ReadAction\",\"target\":[\"https:\/\/kunstamoiherschaun.at\/?page_id=7\"]}]},{\"@type\":\"BreadcrumbList\",\"@id\":\"https:\/\/kunstamoiherschaun.at\/?page_id=7#breadcrumb\",\"itemListElement\":[{\"@type\":\"ListItem\",\"position\":1,\"name\":\"Startseite\",\"item\":\"https:\/\/kunstamoiherschaun.at\/\"},{\"@type\":\"ListItem\",\"position\":2,\"name\":\"\u00dcber uns\"}]},{\"@type\":\"WebSite\",\"@id\":\"https:\/\/kunstamoiherschaun.at\/#website\",\"url\":\"https:\/\/kunstamoiherschaun.at\/\",\"name\":\"KUNST amoi herschaun\",\"description\":\"... zum Hofer Adventspfad\",\"publisher\":{\"@id\":\"https:\/\/kunstamoiherschaun.at\/#organization\"},\"potentialAction\":[{\"@type\":\"SearchAction\",\"target\":{\"@type\":\"EntryPoint\",\"urlTemplate\":\"https:\/\/kunstamoiherschaun.at\/?s={search_term_string}\"},\"query-input\":{\"@type\":\"PropertyValueSpecification\",\"valueRequired\":true,\"valueName\":\"search_term_string\"}}],\"inLanguage\":\"de\"},{\"@type\":\"Organization\",\"@id\":\"https:\/\/kunstamoiherschaun.at\/#organization\",\"name\":\"KUNST amoi herschaun\",\"url\":\"https:\/\/kunstamoiherschaun.at\/\",\"logo\":{\"@type\":\"ImageObject\",\"inLanguage\":\"de\",\"@id\":\"https:\/\/kunstamoiherschaun.at\/#\/schema\/logo\/image\/\",\"url\":\"https:\/\/kunstamoiherschaun.at\/wp-content\/uploads\/2020\/12\/page_icon.jpg\",\"contentUrl\":\"https:\/\/kunstamoiherschaun.at\/wp-content\/uploads\/2020\/12\/page_icon.jpg\",\"width\":512,\"height\":512,\"caption\":\"KUNST amoi herschaun\"},\"image\":{\"@id\":\"https:\/\/kunstamoiherschaun.at\/#\/schema\/logo\/image\/\"}}]}<\/script>\n<!-- \/ Yoast SEO plugin. -->","yoast_head_json":{"title":"\u00dcber uns - KUNST amoi herschaun","robots":{"index":"index","follow":"follow","max-snippet":"max-snippet:-1","max-image-preview":"max-image-preview:large","max-video-preview":"max-video-preview:-1"},"canonical":"https:\/\/kunstamoiherschaun.at\/?page_id=7","og_locale":"de_DE","og_type":"article","og_title":"\u00dcber uns - KUNST amoi herschaun","og_description":"KUNST amoi herschaun &#8230; ist eine Initiative der Marktgemeinde Hof und seinen Kulturtr\u00e4gern, K\u00fcnstlern, Vereinen und kreativen K\u00f6pfen zur F\u00f6rderung von Kunst, Kultur und Freizeitaktivit\u00e4ten in unserer Region. Wenn du mitwirken willst melde dich bitte mittels Kontaktformular. KUNST amoi herschaun &#8211; ein Leitspruch von Werner Wukoschitz. Koordinator und Ansprechpartner der Marktgemeinde Hof: Stefan Germershausen. Vielen...","og_url":"https:\/\/kunstamoiherschaun.at\/?page_id=7","og_site_name":"KUNST amoi herschaun","article_modified_time":"2022-07-02T03:29:05+00:00","twitter_card":"summary_large_image","twitter_misc":{"Gesch\u00e4tzte Lesezeit":"1\u00a0Minute"},"schema":{"@context":"https:\/\/schema.org","@graph":[{"@type":"WebPage","@id":"https:\/\/kunstamoiherschaun.at\/?page_id=7","url":"https:\/\/kunstamoiherschaun.at\/?page_id=7","name":"\u00dcber uns - KUNST amoi herschaun","isPartOf":{"@id":"https:\/\/kunstamoiherschaun.at\/#website"},"datePublished":"2020-12-01T21:05:19+00:00","dateModified":"2022-07-02T03:29:05+00:00","breadcrumb":{"@id":"https:\/\/kunstamoiherschaun.at\/?page_id=7#breadcrumb"},"inLanguage":"de","potentialAction":[{"@type":"ReadAction","target":["https:\/\/kunstamoiherschaun.at\/?page_id=7"]}]},{"@type":"BreadcrumbList","@id":"https:\/\/kunstamoiherschaun.at\/?page_id=7#breadcrumb","itemListElement":[{"@type":"ListItem","position":1,"name":"Startseite","item":"https:\/\/kunstamoiherschaun.at\/"},{"@type":"ListItem","position":2,"name":"\u00dcber uns"}]},{"@type":"WebSite","@id":"https:\/\/kunstamoiherschaun.at\/#website","url":"https:\/\/kunstamoiherschaun.at\/","name":"KUNST amoi herschaun","description":"... zum Hofer Adventspfad","publisher":{"@id":"https:\/\/kunstamoiherschaun.at\/#organization"},"potentialAction":[{"@type":"SearchAction","target":{"@type":"EntryPoint","urlTemplate":"https:\/\/kunstamoiherschaun.at\/?s={search_term_string}"},"query-input":{"@type":"PropertyValueSpecification","valueRequired":true,"valueName":"search_term_string"}}],"inLanguage":"de"},{"@type":"Organization","@id":"https:\/\/kunstamoiherschaun.at\/#organization","name":"KUNST amoi herschaun","url":"https:\/\/kunstamoiherschaun.at\/","logo":{"@type":"ImageObject","inLanguage":"de","@id":"https:\/\/kunstamoiherschaun.at\/#\/schema\/logo\/image\/","url":"https:\/\/kunstamoiherschaun.at\/wp-content\/uploads\/2020\/12\/page_icon.jpg","contentUrl":"https:\/\/kunstamoiherschaun.at\/wp-content\/uploads\/2020\/12\/page_icon.jpg","width":512,"height":512,"caption":"KUNST amoi herschaun"},"image":{"@id":"https:\/\/kunstamoiherschaun.at\/#\/schema\/logo\/image\/"}}]}},"jetpack_sharing_enabled":true,"_links":{"self":[{"href":"https:\/\/kunstamoiherschaun.at\/index.php?rest_route=\/wp\/v2\/pages\/7","targetHints":{"allow":["GET"]}}],"collection":[{"href":"https:\/\/kunstamoiherschaun.at\/index.php?rest_route=\/wp\/v2\/pages"}],"about":[{"href":"https:\/\/kunstamoiherschaun.at\/index.php?rest_route=\/wp\/v2\/types\/page"}],"author":[{"embeddable":true,"href":"https:\/\/kunstamoiherschaun.at\/index.php?rest_route=\/wp\/v2\/users\/1"}],"replies":[{"embeddable":true,"href":"https:\/\/kunstamoiherschaun.at\/index.php?rest_route=%2Fwp%2Fv2%2Fcomments&post=7"}],"version-history":[{"count":6,"href":"https:\/\/kunstamoiherschaun.at\/index.php?rest_route=\/wp\/v2\/pages\/7\/revisions"}],"predecessor-version":[{"id":809,"href":"https:\/\/kunstamoiherschaun.at\/index.php?rest_route=\/wp\/v2\/pages\/7\/revisions\/809"}],"wp:attachment":[{"href":"https:\/\/kunstamoiherschaun.at\/index.php?rest_route=%2Fwp%2Fv2%2Fmedia&parent=7"}],"curies":[{"name":"wp","href":"https:\/\/api.w.org\/{rel}","templated":true}]}}